{"id":181,"date":"2024-03-13T14:17:03","date_gmt":"2024-03-13T14:17:03","guid":{"rendered":"https:\/\/www.homer.center\/privacy-policy\/"},"modified":"2024-03-24T12:12:03","modified_gmt":"2024-03-24T12:12:03","slug":"auftragsverarbeitungsvertrag","status":"publish","type":"page","link":"https:\/\/www.homer.center\/de\/auftragsverarbeitungsvertrag\/","title":{"rendered":"AVV"},"content":{"rendered":"<p class=\"p1\"><span class=\"s1\">Auftragsverarbeitungs-Vertrag (AVV) zwischen dem Kunden als Verantwortlicher (\u201eVerantwortlicher\u201c) und Digital Storm GmbH, S\u00e4gestrasse 50, 5600 Lenzburg als Auftragsverarbeiter (\u201eAuftragsverarbeiter\u201c)<\/span><\/p>\n<p class=\"p2\"><span class=\"s1\"><b>1. Anwendungsbereich<\/b><\/span><\/p>\n<p class=\"p1\"><span class=\"s1\">a) Sofern der Verantwortliche Personendaten verarbeitet, gelten im Verh\u00e4ltnis zum Auftragsverarbeiter die nachfolgenden Regelungen.<\/span><\/p>\n<p class=\"p2\"><span class=\"s1\"><b>2. Pr\u00e4ambel<\/b><\/span><\/p>\n<p class=\"p1\"><span class=\"s1\">a) In diesem Auftragsverarbeitungs-Vertrag (AVV) werden die Datenschutzverpflichtungen zwischen den Parteien im Zusammenhang mit der Verarbeitung personenbezogener Daten geregelt.<br \/>\nb) Der Auftragsverarbeiter verarbeitet keine personenbezogenen Daten des Verantwortlichen zu irgendwelchen anderen Zwecken als zur Erf\u00fcllung bestehender vertraglichen Verpflichtungen zwischen den Parteien.<br \/>\nc) Der Verantwortliche bleibt der ausschliessliche Verantwortliche f\u00fcr die betreffenden personenbezogenen Daten.<\/span><\/p>\n<p class=\"p2\"><span class=\"s1\"><b>3. Datenverarbeitung<\/b><\/span><\/p>\n<p class=\"p3\"><span class=\"s1\"><b>3.1 Gegenstand und Zweck<\/b><\/span><\/p>\n<p class=\"p1\"><span class=\"s1\">a) Der Auftragsverarbeiter ist ein IT-Dienstleister und betreibt in dieser Funktion eine Software-as-a-Service-L\u00f6sung. Zu Erf\u00fcllung dieser Aufgaben verarbeitet der Auftragsverarbeiter auch personenbezogene Daten des Verantwortlichen. Einschlie\u00dflich, aber nicht beschr\u00e4nkt auf Cloud-Dienste, Datenhosting und -management, Wartung und Supportdienste.<br \/>\nb) Die Verarbeitung der personenbezogenen Daten durch den Auftragsverarbeiter ist nur zul\u00e4ssig im Rahmen eines schriftlichen Auftrages des Verantwortlichen. Ein solcher Auftrag kann in Form eines Dienstleistungsvertrages, einer einmaligen Anweisung oder in \u00e4hnlicher Form erteilt werden.<\/span><\/p>\n<p class=\"p3\"><span class=\"s1\"><b>3.2 Dauer<\/b><\/span><\/p>\n<p class=\"p1\"><span class=\"s1\">a) Diese Vereinbarung gilt solange der Auftragsverarbeiter personenbezogene Daten des Verantwortlichen verarbeitet.<\/span><\/p>\n<p class=\"p3\"><span class=\"s1\"><b>3.3 Betroffene Datenkategorien und Personen<\/b><\/span><\/p>\n<p class=\"p1\"><span class=\"s1\">a) Im Rahmen der Erbringung der Dienstleistungen k\u00f6nnen folgende Typen und Kategorien personenbezogener Daten verarbeitet werden:<br \/>\n<b>Kundeninformationen:<\/b> Name, Anschrift, Telefonnummer, E-Mail-Adresse und andere Kontaktdaten.<br \/>\n<b>Nutzerdaten:<\/b> Anmeldedaten, Nutzungsdaten, Kommunikationsdaten zwischen Nutzer und Service.<br \/>\n<b>Kundendaten und Firmeninformationen:<\/b> Verwaltung von Kunden- und Unternehmensdatenbanken, einschlie\u00dflich Kontaktinformationen und Interaktionsdaten.<br \/>\n<b>Vertragsmanagement:<\/b> Einrichtung und Verwaltung von wiederkehrenden Gesch\u00e4ftsprozessen und automatisierte Rechnungsstellung.<br \/>\n<b>Support- und Ticketing-Daten:<\/b> Erfassung und Verarbeitung von Kundenanfragen und Support-Tickets.<br \/>\n<b>Zeiterfassung und Projektmanagement:<\/b> Aufzeichnung von Arbeitszeiten und Verwaltung von Projektdaten.<br \/>\n<b>Finanzberichterstattung:<\/b> Automatisierte Erstellung von Rechnungen und Berichten, auch \u00fcber Excel f\u00fcr den Import in andere Systeme.<br \/>\n<b>Kundenportal-Daten:<\/b> Informationen, die im Kundenportal zur Verf\u00fcgung gestellt werden, wie Ticket\u00fcbersichten und Projektfortschritte.<br \/>\n<b>Dokumentation und Content-Management:<\/b> Erstellung und Verwaltung von Dokumentationen und kundenspezifischen Inhalten.<br \/>\n<b>Transaktionsdaten:<\/b> Zahlungsinformationen, Kaufhistorie und Abrechnungsinformationen<br \/>\n<b>Kommunikationsdaten:<\/b> E-Mail-Verkehr, Chat-Protokolle, Feedback und Bewertungen.<br \/>\n<b>Technische Daten:<\/b> IP-Adressen, Cookies, System- und Ger\u00e4teinformationen.<\/span><\/p>\n<p>Die Kategorien betroffener Personen umfassen:<\/p>\n<p class=\"p4\"><span class=\"s1\">1.<\/span><span class=\"s2\">\u00a0\u00a0\u00a0 <\/span><span class=\"s1\">Systembenutzer und deren Mitarbeiter (Verantwortlicher)<\/span><\/p>\n<p class=\"p4\"><span class=\"s1\">2.<\/span><span class=\"s2\">\u00a0\u00a0\u00a0 <\/span><span class=\"s1\">Kunden und Nutzer der IT-Service-Provider, die die Software des Verantwortlichen nutzen.<\/span><\/p>\n<p class=\"p4\"><span class=\"s1\">3.<\/span><span class=\"s2\">\u00a0\u00a0\u00a0 <\/span><span class=\"s1\">Mitarbeiter und Vertreter der Kunden, die im Rahmen der beruflichen T\u00e4tigkeiten mit der Software interagieren.<\/span><\/p>\n<p class=\"p4\"><span class=\"s1\">4.<\/span><span class=\"s2\">\u00a0\u00a0\u00a0 <\/span><span class=\"s1\">Potenzielle Kunden, die sich f\u00fcr die Dienstleistungen des Verantwortlichen interessieren oder Informationsmaterial anfordern.<\/span><\/p>\n<p class=\"p1\"><span class=\"s1\"><br \/>\nb) Weitere betroffene Personenkategorien werden im Anhang des individuellen Vertrages aufgelistet.<br \/>\nc) Wird kein Anhang zum individuellen Vertrag erstellt, werden vom Auftragsverarbeiter im Rahmen der Auftr\u00e4ge keine weiteren Personendaten verarbeitet.<\/span><\/p>\n<p class=\"p2\"><span class=\"s1\"><b>4. Rechte und Pflichten<\/b><\/span><\/p>\n<p class=\"p3\"><span class=\"s1\"><b>4.1 Einhaltung von Gesetzen und Vorschriften zum Datenschutz<\/b><\/span><\/p>\n<p class=\"p1\"><span class=\"s1\">a) Der Auftragsverarbeiter ist zur Einhaltung der f\u00fcr den Auftragsverarbeiter und den Verantwortlichen geltenden Gesetze und Vorschriften zum Datenschutz verpflichtet. Der Auftragsverarbeiter muss sicherstellen, dass Handlungen oder Unterlassungen seinerseits nicht zu einer Situation f\u00fchren, in welcher der Verantwortliche gegen irgendwelche Gesetze und Vorschriften zum Datenschutz verst\u00f6sst.<\/span><\/p>\n<p class=\"p3\"><span class=\"s1\"><b>4.2 Weisungsgebundenheit<\/b><\/span><\/p>\n<p class=\"p1\"><span class=\"s1\">a) Der Auftragsverarbeiter verarbeitet und \u00fcbermittelt die personenbezogenen Daten nur im Einklang mit den dokumentierten Weisungen des Verantwortlichen. Mangels Weisungen des Verantwortlichen, bearbeitet der Auftragsverarbeiter Personendaten ausschliesslich gem\u00e4ss diesem AVV und dem detaillierte Sicherheitskonzept mit den verwendeten technischen und organisatorischen Massnahmen.<br \/>\nb) Der Verantwortliche alleine entscheidet \u00fcber die L\u00f6schung und Berichtigung der personenbezogenen Daten sowie \u00fcber die Ausk\u00fcnfte an Betroffene.<br \/>\nc) Werden personenbezogene Daten aufgrund gesetzlicher Vorschriften und entgegen der Weisung des Verantwortlichen verarbeitet, ist der Auftragsverarbeiter verpflichtet, den Verantwortlichen vorg\u00e4ngig \u00fcber die betreffende Verarbeitung und rechtm\u00e4ssigkeit der Bearbeitung zu informieren, sofern dem nicht ein wichtiges \u00f6ffentliches Interesse entgegensteht.<\/span><\/p>\n<p class=\"p3\"><span class=\"s1\"><b>4.3 Vertrauliche Informationen und Sicherheit<\/b><\/span><\/p>\n<p class=\"p1\"><span class=\"s1\">a) Der Auftragsverarbeiter stellt sicher, dass die zur Verarbeitung von personenbezogenen Daten befugten Personen (z.B. Mitarbeiter, Subunternehmer, etc.) sich vertraglich zur Wahrung der Vertraulichkeit und Sicherheit verpflichtet haben oder einer geeigneten gesetzlichen Vertraulichkeits- und Sicherheitsverpflichtung unterliegen. Bei Standardprodukten von Drittherstellern geltend f\u00fcr den Kunden die spezifischen Datenschutzbestimmungen des Drittherstellers direkt zwischen dem Kunden und dem Dritthersteller.<br \/>\nb) Personenbezogene Daten werden als vertrauliche Informationen verwahrt und behandelt. Im Rahmen der Vermittlung und dem Management von Standardprodukten oder anderen Produkten von Drittherstellern m\u00fcssen Personendaten des Kunden bzw. seiner Mitarbeiter jedoch an Dritthersteller weitergegeben werden. Die Bearbeitung durch die Dritthersteller wird durch deren Datenschutzbestimmungen geregelt. Der Kunde bzw. seine Mitarbeiter autorisieren den Auftragsverarbeiter ausdr\u00fccklich, Zustimmungserkl\u00e4rungen zu Datenschutzerkl\u00e4rungen von Drittherstellern im Namen des Kunden bzw. seiner Mitarbeiter abzugeben.<\/span><\/p>\n<p class=\"p3\"><span class=\"s1\"><b>4.4 Technische und organisatorische Massnahmen<\/b><\/span><\/p>\n<p class=\"p1\"><span class=\"s1\">a) Der Auftragsverarbeiter ergreift die gesetzlich erforderlichen technischen und organisatorischen Massnahmen (TOM) zur Gew\u00e4hrleistung der Sicherheit der personenbezogenen Daten und deren Verarbeitung.<br \/>\nb) Die technischen und organisatorischen Massnahmen m\u00fcssen unter Ber\u00fccksichtigung des Stands der Technik, der Implementierungskosten und der Art, des Umfangs, der Umst\u00e4nde und der Zwecke der Verarbeitung sowie der unterschiedlichen Eintrittswahrscheinlichkeit und Schwere des Risikos f\u00fcr die Rechte und Freiheiten nat\u00fcrlicher Personen, ein dem Risiko angemessenes Schutzniveau gew\u00e4hrleisten.<br \/>\nc) Die zu treffenden Massnahmen schliessen gegebenenfalls unter anderem Folgendes ein:<\/span><\/p>\n<p class=\"p1\"><span class=\"s1\">\u00a7 Pseudonymisierung und Verschl\u00fcsselung personenbezogener Daten<br \/>\n\u00a7 F\u00e4higkeit, die Vertraulichkeit, Integrit\u00e4t, Verf\u00fcgbarkeit und Belastbarkeit der Systeme und Dienste im Zusammenhang mit der Verarbeitung auf Dauer sicherzustellen<br \/>\n\u00a7 die F\u00e4higkeit, die Verf\u00fcgbarkeit der personenbezogenen Daten und den Zugang zu ihnen bei einem physischen oder technischen Zwischenfall rasch wiederherzustellen<br \/>\n\u00a7 ein Verfahren zur regelm\u00e4ssigen \u00dcberpr\u00fcfung, Bewertung und Evaluierung der Wirksamkeit der technischen und organisatorischen Massnahmen zur Gew\u00e4hrleistung der Sicherheit der Verarbeitung<\/span><\/p>\n<p class=\"p1\"><span class=\"s1\">d) Der Auftragsverarbeiter stellt dem Verantwortlichen auf Anfrage das detaillierte Sicherheitskonzept mit den verwendeten technischen und organisatorischen Massnahmen zur Verf\u00fcgung und gew\u00e4hrleistet mit diesen Massnahmen die Einhaltung dieser Vereinbarung.<\/span><\/p>\n<p class=\"p3\"><span class=\"s1\"><b>4.5 Sub-Auftragsverarbeiter (Subunternehmer)<\/b><\/span><\/p>\n<p class=\"p1\"><span class=\"s1\">a) Der Verantwortliche erteilt dem Auftragsverarbeiter hiermit eine allgemeine Genehmigung, Sub-Auftragsverarbeiter mit der Verarbeitung zu beauftragen. Der Auftragsverarbeiter stellt sicher, dass er einen Vertrag mit dem Sub-Auftragsverarbeiter geschlossen hat, der die Einhaltung dieser Vereinbarung und der darin erw\u00e4hnten Rechte und Pflichten gew\u00e4hrleistet.<br \/>\nb) Handelt es sich um einen Sub-Auftragsverarbeiter aus einem Drittland, ist zus\u00e4tzlich durch den Auftragsverarbeiter sicherzustellen, dass ein ad\u00e4quates Datenschutzniveau zur Schweiz bzw. der EU besteht, indem EU Standardklauseln abgeschlossen werden oder eine Swiss-U.S. Privacy Shield Zertifizierung besteht.<br \/>\nc) Kommt der Sub-Auftragsverarbeiter seinen Datenschutzpflichten nicht nach, so haftet der erste Auftragsverarbeiter gegen\u00fcber dem Verantwortlichen f\u00fcr die Einhaltung der Pflichten jenes Sub-Auftragsverarbeiters.<\/span><\/p>\n<p class=\"p3\"><span class=\"s1\"><b>4.6 Melde- und Unterst\u00fctzungspflicht bei Datenschutzverletzungen<\/b><\/span><\/p>\n<p class=\"p1\"><span class=\"s1\">a) Bei Eintritt oder bei Verdacht auf Verst\u00f6sse gegen den Datenschutz und insbesondere bei Datenverlust oder anderen Unregelm\u00e4ssigkeiten bei der Verarbeitung personenbezogener Daten muss der Auftragsverarbeiter den Verantwortlichen unverz\u00fcglich informieren.<br \/>\nb) Die Meldung \u00fcber eine Datenschutzverletzung enth\u00e4lt sinngem\u00e4ss die erforderlichen Angaben:<\/span><\/p>\n<p class=\"p1\"><span class=\"s1\">\u00a7 Beschreibung der Art der Datenschutzverletzung<br \/>\n\u00a7 Kategorien und ungef\u00e4hre Anzahl der betroffenen Personen<br \/>\n\u00a7 Kategorien und ungef\u00e4hre Anzahl der betroffenen personenbezogenen Datens\u00e4tze<br \/>\n\u00a7 Kontaktdaten einer Person des Auftragsverarbeiters, bei der weitere Informationen erh\u00e4ltlich sind<br \/>\n\u00a7 Beschreibung der wahrscheinlichen Auswirkungen der Datenschutzverletzung<br \/>\n\u00a7 Beschreibung der Massnahmen, die bereits getroffen wurden oder noch getroffen werden<\/span><\/p>\n<p class=\"p1\"><span class=\"s1\">c) Der Auftragsverarbeiter unterst\u00fctzt den Verantwortlichen bei der Bearbeitung von Datenschutzverletzungen und stellt ihm s\u00e4mtliche notwendigen Informationen zur Verf\u00fcgung.<\/span><\/p>\n<p class=\"p3\"><span class=\"s1\"><b>4.7 Unterst\u00fctzungspflicht bei Betroffenenrechten<\/b><\/span><\/p>\n<p class=\"p1\"><span class=\"s1\">a) F\u00fcr die Umsetzung der Betroffenenrechte ist der Verantwortliche zust\u00e4ndig. Der Auftragsverarbeiter leitet allf\u00e4llige Anfragen umgehend an den Verantwortlichen weiter.<br \/>\nb) Der Auftragsverarbeiter unterst\u00fctzt den Verantwortlichen bei der Wahrnehmung der Betroffenenrechte unentgeltlich.<br \/>\nc) Der Auftragsverarbeiter setzt insbesondere geeignete technische und organisatorische Massnahmen ein, damit der Verantwortliche die erforderlichen Informationen einfach, rasch, m\u00f6glichst selbst\u00e4ndig und in einem g\u00e4ngigen Format beziehen sowie personenbezogenen Daten ver\u00e4ndern und l\u00f6schen kann.<br \/>\nd) Anweisungen des Verantwortlichen in Bezug auf die Berichtigung, L\u00f6schung und\/oder Aktualisierung personenbezogener Daten sind durch den Auftragsverarbeiter stets zu befolgen.<\/span><\/p>\n<p class=\"p3\"><span class=\"s1\"><b>4.8 Weitere Unterst\u00fctzungspflichten<\/b><\/span><\/p>\n<p class=\"p1\"><span class=\"s1\">a) Unter Ber\u00fccksichtigung der Art der Verarbeitung und der ihm zur Verf\u00fcgung stehenden Informationen unterst\u00fctzt der Auftragsverarbeiter den Verantwortlichen auf Anfrage bei der Einhaltung seiner datenschutzrechtlichen Pflichten, namentlich bei der Umsetzung der technischen und organisatorischen Massnahmen, den Meldepflichten und einer allf\u00e4lligen Datenschutz-Folgenabsch\u00e4tzung.<\/span><\/p>\n<p class=\"p3\"><span class=\"s1\"><b>4.9 R\u00fcckgabe und L\u00f6schung nach Abschluss<\/b><\/span><\/p>\n<p class=\"p1\"><span class=\"s1\">a) Nach Abschluss der Erbringung der Verarbeitungsleistungen muss der Auftragsverarbeiter alle personenbezogenen Daten inkl. s\u00e4mtlicher Kopien nach Wahl des Verantwortlichen entweder unwiderruflich l\u00f6schen oder zur\u00fcckgeben, sofern dem keine gesetzlichen Verpflichtungen entgegenstehen.<\/span><\/p>\n<p class=\"p3\"><span class=\"s1\"><b>4.10 Duldung von Kontrollen des Verantwortlichen<\/b><\/span><\/p>\n<p class=\"p1\"><span class=\"s1\">a) Der Auftragsverarbeiter ist verpflichtet dem Verantwortlichen alle erforderlichen Informationen zum Nachweis der Einhaltung der in dieser Vereinbarung niedergelegten Pflichten zur Verf\u00fcgung zu stellen und die Durchf\u00fchrung von \u00dcberpr\u00fcfungen \u2013 einschliesslich Inspektionen \u2013 des Verantwortlichen oder einem anderen von diesem beauftragten Pr\u00fcfer zu erm\u00f6glichen und dazu beizutragen. Die internen und externen Kosten, des Auftragsverarbeiters f\u00fcr die Zusammenstellung der Informationen und einer \u00dcberpr\u00fcfung, tr\u00e4gt der Kunde.<\/span><\/p>\n<p class=\"p3\"><span class=\"s1\"><b>4.11 Weitere Mitteilungspflichten<\/b><\/span><\/p>\n<p class=\"p1\"><span class=\"s1\">a) Der Auftragsverarbeiter informiert den Verantwortlichen unverz\u00fcglich, falls er der Auffassung ist, dass eine Weisung gegen geltende Datenschutzbestimmungen verst\u00f6sst.<\/span><\/p>\n<p class=\"p2\"><span class=\"s1\"><b>5. \u00c4nderungen dieser Vereinbarung<\/b><\/span><\/p>\n<p class=\"p1\"><span class=\"s1\">a) Dieser AVV gilt zusammen mit dem individuellen Vertrag (falls vorhanden) und den AGB der Digital Storm GmbH in der jeweils online publizierten Fassung.<br \/>\nb) Digital Storm ist berechtigt, den vorliegenden AVV und Dienste jederzeit anzupassen, soweit Digital Storm dies aus technischen Gr\u00fcnden oder aufgrund der Marktentwicklung bzw. Bedingungen von Lieferanten oder aufgrund von regulatorischen Rahmenbedingungen f\u00fcr sinnvoll erachtet und dadurch die Interessen des Kunden \u2013 insbesondere die Angemessenheit von Leistung und Gegenleistung \u2013 nicht zu einem Missverh\u00e4ltnis werden.<\/span><\/p>\n<p class=\"p2\"><span class=\"s1\"><b>6. Abschliessende Bestimmungen<\/b><\/span><\/p>\n<p class=\"p1\"><span class=\"s1\">a) Sollte eine Bestimmung dieser Vereinbarung unwirksam sein oder werden, so wird dadurch die Wirksamkeit der \u00fcbrigen Vereinbarung nicht ber\u00fchrt. Die unwirksame Bestimmung soll durch eine m\u00f6glichst dieser Bestimmung nahekommende und wirksame Bestimmung ersetzt werden. Dasselbe gilt auch f\u00fcr allf\u00e4llige Vertragsl\u00fccken.<br \/>\nb) Die Definitionen der verwendeten Begriffe sind gem\u00e4ss dieser Vereinbarung auszulegen. Sollten Unklarheiten bez\u00fcglich einer Definition bestehen, so gelten je nach Geltungsbereich sinngem\u00e4ss die Definitionen der EU Datenschutz-Grundverordnung (DSGVO) und des Schweizer Datenschutzgesetzes (DSG).<br \/>\nc) Die unterzeichnende Person best\u00e4tigt geh\u00f6rig bevollm\u00e4chtigt zu sein, die Vertragspartei zu vertreten.<br \/>\nd) Diese Vereinbarung ist nach Schweizerischem materiellem Recht auszulegen mit Ber\u00fccksichtigung der Rechtsprechung der DSGVO.<br \/>\ne) Gerichtsstand bei Streitigkeiten ist der Hauptsitz der Digital Storm<\/span><\/p>\n<p class=\"p1\"><span class=\"s1\">V 1.0 (24.03.24)<\/span><\/p>\n","protected":false},"excerpt":{"rendered":"<p>Auftragsverarbeitungs-Vertrag (AVV) zwischen dem Kunden als Verantwortlicher (\u201eVerantwortlicher\u201c) und Digital Storm GmbH, S\u00e4gestrasse 50, 5600 Lenzburg als Auftragsverarbeiter (\u201eAuftragsverarbeiter\u201c) 1. Anwendungsbereich a) Sofern der Verantwortliche Personendaten verarbeitet, gelten im Verh\u00e4ltnis zum Auftragsverarbeiter die nachfolgenden Regelungen. 2. Pr\u00e4ambel a) In diesem Auftragsverarbeitungs-Vertrag (AVV) werden die Datenschutzverpflichtungen zwischen den Parteien im Zusammenhang mit der Verarbeitung personenbezogener Daten [&hellip;]<\/p>\n","protected":false},"author":1,"featured_media":0,"parent":0,"menu_order":0,"comment_status":"closed","ping_status":"open","template":"","meta":{"inline_featured_image":false,"footnotes":""},"class_list":["post-181","page","type-page","status-publish","hentry"],"yoast_head":"<!-- This site is optimized with the Yoast SEO plugin v27.4 - https:\/\/yoast.com\/product\/yoast-seo-wordpress\/ -->\n<title>AVV | HOMER.center<\/title>\n<meta name=\"robots\" content=\"index, follow, max-snippet:-1, max-image-preview:large, max-video-preview:-1\" \/>\n<link rel=\"canonical\" href=\"https:\/\/www.homer.center\/de\/auftragsverarbeitungsvertrag\/\" \/>\n<meta property=\"og:locale\" content=\"de_DE\" \/>\n<meta property=\"og:type\" content=\"article\" \/>\n<meta property=\"og:title\" content=\"AVV | HOMER.center\" \/>\n<meta property=\"og:description\" content=\"Auftragsverarbeitungs-Vertrag (AVV) zwischen dem Kunden als Verantwortlicher (\u201eVerantwortlicher\u201c) und Digital Storm GmbH, S\u00e4gestrasse 50, 5600 Lenzburg als Auftragsverarbeiter (\u201eAuftragsverarbeiter\u201c) 1. Anwendungsbereich a) Sofern der Verantwortliche Personendaten verarbeitet, gelten im Verh\u00e4ltnis zum Auftragsverarbeiter die nachfolgenden Regelungen. 2. Pr\u00e4ambel a) In diesem Auftragsverarbeitungs-Vertrag (AVV) werden die Datenschutzverpflichtungen zwischen den Parteien im Zusammenhang mit der Verarbeitung personenbezogener Daten [&hellip;]\" \/>\n<meta property=\"og:url\" content=\"https:\/\/www.homer.center\/de\/auftragsverarbeitungsvertrag\/\" \/>\n<meta property=\"og:site_name\" content=\"HOMER.center\" \/>\n<meta property=\"article:modified_time\" content=\"2024-03-24T12:12:03+00:00\" \/>\n<meta name=\"twitter:card\" content=\"summary_large_image\" \/>\n<meta name=\"twitter:label1\" content=\"Gesch\u00e4tzte Lesezeit\" \/>\n\t<meta name=\"twitter:data1\" content=\"8\u00a0Minuten\" \/>\n<script type=\"application\/ld+json\" class=\"yoast-schema-graph\">{\"@context\":\"https:\\\/\\\/schema.org\",\"@graph\":[{\"@type\":\"WebPage\",\"@id\":\"https:\\\/\\\/www.homer.center\\\/de\\\/auftragsverarbeitungsvertrag\\\/\",\"url\":\"https:\\\/\\\/www.homer.center\\\/de\\\/auftragsverarbeitungsvertrag\\\/\",\"name\":\"AVV | HOMER.center\",\"isPartOf\":{\"@id\":\"https:\\\/\\\/www.homer.center\\\/#website\"},\"datePublished\":\"2024-03-13T14:17:03+00:00\",\"dateModified\":\"2024-03-24T12:12:03+00:00\",\"breadcrumb\":{\"@id\":\"https:\\\/\\\/www.homer.center\\\/de\\\/auftragsverarbeitungsvertrag\\\/#breadcrumb\"},\"inLanguage\":\"de\",\"potentialAction\":[{\"@type\":\"ReadAction\",\"target\":[\"https:\\\/\\\/www.homer.center\\\/de\\\/auftragsverarbeitungsvertrag\\\/\"]}]},{\"@type\":\"BreadcrumbList\",\"@id\":\"https:\\\/\\\/www.homer.center\\\/de\\\/auftragsverarbeitungsvertrag\\\/#breadcrumb\",\"itemListElement\":[{\"@type\":\"ListItem\",\"position\":1,\"name\":\"Home\",\"item\":\"https:\\\/\\\/www.homer.center\\\/de\\\/\"},{\"@type\":\"ListItem\",\"position\":2,\"name\":\"AVV\"}]},{\"@type\":\"WebSite\",\"@id\":\"https:\\\/\\\/www.homer.center\\\/#website\",\"url\":\"https:\\\/\\\/www.homer.center\\\/\",\"name\":\"HOMER\",\"description\":\"The Administration-Suite for small IT Service Providers\",\"publisher\":{\"@id\":\"https:\\\/\\\/www.homer.center\\\/#organization\"},\"potentialAction\":[{\"@type\":\"SearchAction\",\"target\":{\"@type\":\"EntryPoint\",\"urlTemplate\":\"https:\\\/\\\/www.homer.center\\\/?s={search_term_string}\"},\"query-input\":{\"@type\":\"PropertyValueSpecification\",\"valueRequired\":true,\"valueName\":\"search_term_string\"}}],\"inLanguage\":\"de\"},{\"@type\":\"Organization\",\"@id\":\"https:\\\/\\\/www.homer.center\\\/#organization\",\"name\":\"Digital Storm GmbH\",\"url\":\"https:\\\/\\\/www.homer.center\\\/\",\"logo\":{\"@type\":\"ImageObject\",\"inLanguage\":\"de\",\"@id\":\"https:\\\/\\\/www.homer.center\\\/#\\\/schema\\\/logo\\\/image\\\/\",\"url\":\"https:\\\/\\\/www.homer.center\\\/wp-content\\\/uploads\\\/2024\\\/03\\\/Bildschirmfoto-2024-03-25-um-11.59.49.png\",\"contentUrl\":\"https:\\\/\\\/www.homer.center\\\/wp-content\\\/uploads\\\/2024\\\/03\\\/Bildschirmfoto-2024-03-25-um-11.59.49.png\",\"width\":961,\"height\":529,\"caption\":\"Digital Storm GmbH\"},\"image\":{\"@id\":\"https:\\\/\\\/www.homer.center\\\/#\\\/schema\\\/logo\\\/image\\\/\"}}]}<\/script>\n<!-- \/ Yoast SEO plugin. -->","yoast_head_json":{"title":"AVV | HOMER.center","robots":{"index":"index","follow":"follow","max-snippet":"max-snippet:-1","max-image-preview":"max-image-preview:large","max-video-preview":"max-video-preview:-1"},"canonical":"https:\/\/www.homer.center\/de\/auftragsverarbeitungsvertrag\/","og_locale":"de_DE","og_type":"article","og_title":"AVV | HOMER.center","og_description":"Auftragsverarbeitungs-Vertrag (AVV) zwischen dem Kunden als Verantwortlicher (\u201eVerantwortlicher\u201c) und Digital Storm GmbH, S\u00e4gestrasse 50, 5600 Lenzburg als Auftragsverarbeiter (\u201eAuftragsverarbeiter\u201c) 1. Anwendungsbereich a) Sofern der Verantwortliche Personendaten verarbeitet, gelten im Verh\u00e4ltnis zum Auftragsverarbeiter die nachfolgenden Regelungen. 2. Pr\u00e4ambel a) In diesem Auftragsverarbeitungs-Vertrag (AVV) werden die Datenschutzverpflichtungen zwischen den Parteien im Zusammenhang mit der Verarbeitung personenbezogener Daten [&hellip;]","og_url":"https:\/\/www.homer.center\/de\/auftragsverarbeitungsvertrag\/","og_site_name":"HOMER.center","article_modified_time":"2024-03-24T12:12:03+00:00","twitter_card":"summary_large_image","twitter_misc":{"Gesch\u00e4tzte Lesezeit":"8\u00a0Minuten"},"schema":{"@context":"https:\/\/schema.org","@graph":[{"@type":"WebPage","@id":"https:\/\/www.homer.center\/de\/auftragsverarbeitungsvertrag\/","url":"https:\/\/www.homer.center\/de\/auftragsverarbeitungsvertrag\/","name":"AVV | HOMER.center","isPartOf":{"@id":"https:\/\/www.homer.center\/#website"},"datePublished":"2024-03-13T14:17:03+00:00","dateModified":"2024-03-24T12:12:03+00:00","breadcrumb":{"@id":"https:\/\/www.homer.center\/de\/auftragsverarbeitungsvertrag\/#breadcrumb"},"inLanguage":"de","potentialAction":[{"@type":"ReadAction","target":["https:\/\/www.homer.center\/de\/auftragsverarbeitungsvertrag\/"]}]},{"@type":"BreadcrumbList","@id":"https:\/\/www.homer.center\/de\/auftragsverarbeitungsvertrag\/#breadcrumb","itemListElement":[{"@type":"ListItem","position":1,"name":"Home","item":"https:\/\/www.homer.center\/de\/"},{"@type":"ListItem","position":2,"name":"AVV"}]},{"@type":"WebSite","@id":"https:\/\/www.homer.center\/#website","url":"https:\/\/www.homer.center\/","name":"HOMER","description":"The Administration-Suite for small IT Service Providers","publisher":{"@id":"https:\/\/www.homer.center\/#organization"},"potentialAction":[{"@type":"SearchAction","target":{"@type":"EntryPoint","urlTemplate":"https:\/\/www.homer.center\/?s={search_term_string}"},"query-input":{"@type":"PropertyValueSpecification","valueRequired":true,"valueName":"search_term_string"}}],"inLanguage":"de"},{"@type":"Organization","@id":"https:\/\/www.homer.center\/#organization","name":"Digital Storm GmbH","url":"https:\/\/www.homer.center\/","logo":{"@type":"ImageObject","inLanguage":"de","@id":"https:\/\/www.homer.center\/#\/schema\/logo\/image\/","url":"https:\/\/www.homer.center\/wp-content\/uploads\/2024\/03\/Bildschirmfoto-2024-03-25-um-11.59.49.png","contentUrl":"https:\/\/www.homer.center\/wp-content\/uploads\/2024\/03\/Bildschirmfoto-2024-03-25-um-11.59.49.png","width":961,"height":529,"caption":"Digital Storm GmbH"},"image":{"@id":"https:\/\/www.homer.center\/#\/schema\/logo\/image\/"}}]}},"_links":{"self":[{"href":"https:\/\/www.homer.center\/de\/wp-json\/wp\/v2\/pages\/181","targetHints":{"allow":["GET"]}}],"collection":[{"href":"https:\/\/www.homer.center\/de\/wp-json\/wp\/v2\/pages"}],"about":[{"href":"https:\/\/www.homer.center\/de\/wp-json\/wp\/v2\/types\/page"}],"author":[{"embeddable":true,"href":"https:\/\/www.homer.center\/de\/wp-json\/wp\/v2\/users\/1"}],"replies":[{"embeddable":true,"href":"https:\/\/www.homer.center\/de\/wp-json\/wp\/v2\/comments?post=181"}],"version-history":[{"count":5,"href":"https:\/\/www.homer.center\/de\/wp-json\/wp\/v2\/pages\/181\/revisions"}],"predecessor-version":[{"id":317,"href":"https:\/\/www.homer.center\/de\/wp-json\/wp\/v2\/pages\/181\/revisions\/317"}],"wp:attachment":[{"href":"https:\/\/www.homer.center\/de\/wp-json\/wp\/v2\/media?parent=181"}],"curies":[{"name":"wp","href":"https:\/\/api.w.org\/{rel}","templated":true}]}}